{"id":11,"date":"2021-01-28T15:02:02","date_gmt":"2021-01-28T15:02:02","guid":{"rendered":"http:\/\/www.fronia.opole.pl\/?page_id=11"},"modified":"2021-02-03T22:02:02","modified_gmt":"2021-02-03T22:02:02","slug":"o-nas","status":"publish","type":"page","link":"https:\/\/www.fronia.opole.pl\/","title":{"rendered":"Zak\u0142ad Us\u0142ug Budowlanych FRONIA"},"content":{"rendered":"\n<p>Nasza firma dzia\u0142a na rynku opolskim od 1991 roku. Od tego czasu z powodzeniem zrealizowali\u015bmy szereg inwestycji, zaczynaj\u0105c od drobnych prac wyko\u0144czeniowych a ko\u0144cz\u0105c na skomplikowanych rozbudowach obiekt\u00f3w.<\/p>\n\n\n\n<p>Dysponujemy sta\u0142ym zespo\u0142em do\u015bwiadczonych murarzy, kafelkarzy i malarzy.<\/p>\n\n\n\n<p>Korzystamy ze specjalistycznych narz\u0119dzi oraz sprz\u0119tu, kt\u00f3ry umo\u017cliwia realizacj\u0119 nawet bardzo skomplikowanych inwestycji.<\/p>\n\n\n\n<p>Realizujemy tak\u017ce prace na elewacjach, docieplenia, roboty konstrukcyjne, adaptacje poddaszy na pomieszczenia mieszkalne oraz roboty rozbi\u00f3rkowe i porz\u0105dkowe<\/p>\n\n\n\n<div class=\"wp-block-columns\">\n<div class=\"wp-block-column\"><\/div>\n\n\n\n<div class=\"wp-block-column\">\n<p class=\"has-text-align-right\"><\/p>\n<\/div>\n<\/div>\n\n\n\n<div class=\"wp-block-columns\">\n<div class=\"wp-block-column\"><\/div>\n\n\n\n<div class=\"wp-block-column\">\n<p class=\"has-text-align-right\">zapraszamy do wsp\u00f3\u0142pracy<\/p>\n<\/div>\n<\/div>\n","protected":false},"excerpt":{"rendered":"<p>Nasza firma dzia\u0142a na rynku opolskim od 1991 roku. Od tego czasu z powodzeniem zrealizowali\u015bmy szereg inwestycji, zaczynaj\u0105c od drobnych prac wyko\u0144czeniowych a ko\u0144cz\u0105c na&hellip;<\/p>\n","protected":false},"author":1,"featured_media":0,"parent":0,"menu_order":0,"comment_status":"closed","ping_status":"closed","template":"","meta":{"ngg_post_thumbnail":0},"_links":{"self":[{"href":"https:\/\/www.fronia.opole.pl\/index.php?rest_route=\/wp\/v2\/pages\/11"}],"collection":[{"href":"https:\/\/www.fronia.opole.pl\/index.php?rest_route=\/wp\/v2\/pages"}],"about":[{"href":"https:\/\/www.fronia.opole.pl\/index.php?rest_route=\/wp\/v2\/types\/page"}],"author":[{"embeddable":true,"href":"https:\/\/www.fronia.opole.pl\/index.php?rest_route=\/wp\/v2\/users\/1"}],"replies":[{"embeddable":true,"href":"https:\/\/www.fronia.opole.pl\/index.php?rest_route=%2Fwp%2Fv2%2Fcomments&post=11"}],"version-history":[{"count":9,"href":"https:\/\/www.fronia.opole.pl\/index.php?rest_route=\/wp\/v2\/pages\/11\/revisions"}],"predecessor-version":[{"id":147,"href":"https:\/\/www.fronia.opole.pl\/index.php?rest_route=\/wp\/v2\/pages\/11\/revisions\/147"}],"wp:attachment":[{"href":"https:\/\/www.fronia.opole.pl\/index.php?rest_route=%2Fwp%2Fv2%2Fmedia&parent=11"}],"curies":[{"name":"wp","href":"https:\/\/api.w.org\/{rel}","templated":true}]}}