{"id":12,"date":"2021-01-28T15:02:02","date_gmt":"2021-01-28T15:02:02","guid":{"rendered":"http:\/\/www.fronia.opole.pl\/?page_id=12"},"modified":"2021-02-06T21:50:30","modified_gmt":"2021-02-06T21:50:30","slug":"kontakt","status":"publish","type":"page","link":"https:\/\/www.fronia.opole.pl\/?page_id=12","title":{"rendered":"Kontakt"},"content":{"rendered":"\n<div class=\"wp-block-columns\">\n<div class=\"wp-block-column\" style=\"flex-basis:100%\">\n<div class=\"wp-block-columns\">\n<div class=\"wp-block-column is-vertically-aligned-center\">\n<p><strong>Zak\u0142ad Us\u0142ug Budowlanych&nbsp;FRONIA <\/strong><br>in\u017c. Henryk Fronia <br>45-641 Opole, ul. O\u015bwi\u0119cimska 5,<br>tel. 601 148 695 <br>tel. 695 815 459 <br>email: henrykfronia@poczta.onet.pl<\/p>\n\n\n\n<div class=\"wp-block-columns are-vertically-aligned-top\">\n<div class=\"wp-block-column is-vertically-aligned-top\" style=\"flex-basis:100%\">\n<div class=\"wp-block-columns\">\n<div class=\"wp-block-column\" style=\"flex-basis:100%\">\n<div class=\"wp-block-columns\">\n<div class=\"wp-block-column\" style=\"flex-basis:100%\">\n<div class=\"wp-block-columns\">\n<div class=\"wp-block-column is-vertically-aligned-top\" style=\"flex-basis:100%\"><\/div>\n<\/div>\n<\/div>\n<\/div>\n<\/div>\n<\/div>\n<\/div>\n<\/div>\n\n\n\n<p>                        <\/p>\n<\/div>\n\n\n\n<div class=\"wp-block-column\"><\/div>\n<\/div>\n<\/div>\n<\/div>\n","protected":false},"excerpt":{"rendered":"","protected":false},"author":1,"featured_media":0,"parent":0,"menu_order":0,"comment_status":"closed","ping_status":"closed","template":"","meta":{"ngg_post_thumbnail":0},"_links":{"self":[{"href":"https:\/\/www.fronia.opole.pl\/index.php?rest_route=\/wp\/v2\/pages\/12"}],"collection":[{"href":"https:\/\/www.fronia.opole.pl\/index.php?rest_route=\/wp\/v2\/pages"}],"about":[{"href":"https:\/\/www.fronia.opole.pl\/index.php?rest_route=\/wp\/v2\/types\/page"}],"author":[{"embeddable":true,"href":"https:\/\/www.fronia.opole.pl\/index.php?rest_route=\/wp\/v2\/users\/1"}],"replies":[{"embeddable":true,"href":"https:\/\/www.fronia.opole.pl\/index.php?rest_route=%2Fwp%2Fv2%2Fcomments&post=12"}],"version-history":[{"count":15,"href":"https:\/\/www.fronia.opole.pl\/index.php?rest_route=\/wp\/v2\/pages\/12\/revisions"}],"predecessor-version":[{"id":183,"href":"https:\/\/www.fronia.opole.pl\/index.php?rest_route=\/wp\/v2\/pages\/12\/revisions\/183"}],"wp:attachment":[{"href":"https:\/\/www.fronia.opole.pl\/index.php?rest_route=%2Fwp%2Fv2%2Fmedia&parent=12"}],"curies":[{"name":"wp","href":"https:\/\/api.w.org\/{rel}","templated":true}]}}