{"id":40,"date":"2021-01-28T22:00:52","date_gmt":"2021-01-28T22:00:52","guid":{"rendered":"http:\/\/www.fronia.opole.pl\/?page_id=40"},"modified":"2021-02-02T22:26:28","modified_gmt":"2021-02-02T22:26:28","slug":"oferta","status":"publish","type":"page","link":"https:\/\/www.fronia.opole.pl\/?page_id=40","title":{"rendered":"Oferta"},"content":{"rendered":"\n<div class=\"wp-block-columns\">\n<div class=\"wp-block-column\" style=\"flex-basis:100%\">\n<div class=\"wp-block-columns\">\n<div class=\"wp-block-column\" style=\"flex-basis:66.66%\">\n<ul><li>kompleksowe remonty budynk\u00f3w (malowanie, kafelkowanie, zabudowy z p\u0142yt GK, szpachlowanie, uk\u0142adanie paneli)<\/li><li>prace murarskie, tynkarskie<\/li><li>docieplenia budynk\u00f3w<\/li><li>wymiana okien, drzwi<\/li><li>naprawy dach\u00f3w<\/li><li>stany surowe<\/li><li>kierowanie robotami budowlanymi, nadz\u00f3r inwestorski<\/li><li>us\u0142ugi transportowe wywrotk\u0105 do 2t<\/li><li>wynajem rusztowa\u0144<\/li><\/ul>\n<\/div>\n\n\n\n<div class=\"wp-block-column\" style=\"flex-basis:33.33%\">\n<figure class=\"wp-block-image size-large\"><img loading=\"lazy\" width=\"425\" height=\"282\" src=\"http:\/\/www.fronia.opole.pl\/wp-content\/uploads\/2021\/02\/oferta.jpg\" alt=\"\" class=\"wp-image-100\" srcset=\"https:\/\/www.fronia.opole.pl\/wp-content\/uploads\/2021\/02\/oferta.jpg 425w, https:\/\/www.fronia.opole.pl\/wp-content\/uploads\/2021\/02\/oferta-300x199.jpg 300w\" sizes=\"(max-width: 425px) 100vw, 425px\" \/><\/figure>\n<\/div>\n<\/div>\n<\/div>\n<\/div>\n\n\n\n<p><\/p>\n","protected":false},"excerpt":{"rendered":"","protected":false},"author":1,"featured_media":42,"parent":0,"menu_order":0,"comment_status":"closed","ping_status":"closed","template":"","meta":{"ngg_post_thumbnail":0},"_links":{"self":[{"href":"https:\/\/www.fronia.opole.pl\/index.php?rest_route=\/wp\/v2\/pages\/40"}],"collection":[{"href":"https:\/\/www.fronia.opole.pl\/index.php?rest_route=\/wp\/v2\/pages"}],"about":[{"href":"https:\/\/www.fronia.opole.pl\/index.php?rest_route=\/wp\/v2\/types\/page"}],"author":[{"embeddable":true,"href":"https:\/\/www.fronia.opole.pl\/index.php?rest_route=\/wp\/v2\/users\/1"}],"replies":[{"embeddable":true,"href":"https:\/\/www.fronia.opole.pl\/index.php?rest_route=%2Fwp%2Fv2%2Fcomments&post=40"}],"version-history":[{"count":12,"href":"https:\/\/www.fronia.opole.pl\/index.php?rest_route=\/wp\/v2\/pages\/40\/revisions"}],"predecessor-version":[{"id":129,"href":"https:\/\/www.fronia.opole.pl\/index.php?rest_route=\/wp\/v2\/pages\/40\/revisions\/129"}],"wp:featuredmedia":[{"embeddable":true,"href":"https:\/\/www.fronia.opole.pl\/index.php?rest_route=\/wp\/v2\/media\/42"}],"wp:attachment":[{"href":"https:\/\/www.fronia.opole.pl\/index.php?rest_route=%2Fwp%2Fv2%2Fmedia&parent=40"}],"curies":[{"name":"wp","href":"https:\/\/api.w.org\/{rel}","templated":true}]}}